{"id":77,"date":"2022-01-01T00:00:00","date_gmt":"2021-12-31T23:00:00","guid":{"rendered":"https:\/\/www.rechtnormal.de\/?page_id=77"},"modified":"2022-01-11T11:22:52","modified_gmt":"2022-01-11T10:22:52","slug":"kontakt","status":"publish","type":"page","link":"https:\/\/www.rechtnormal.de\/index.php\/kontakt\/","title":{"rendered":"Wie kommen Sie zu mir"},"content":{"rendered":"\n<p>Mir w\u00e4re am liebsten, Sie kommen in Jeans und T-Shirt zu mir. Hoodie geht auch. Kutte sowieso. Ganz wie Sie m\u00f6gen &#8211; in unbequemer Kleidung denkt es sich so schlecht. Und Sie werden in allerbester Gesellschaft sein.<\/p>\n\n\n\n<p>Kommen Sie bitte <span class=\"has-inline-color has-black-color\"><strong>NICHT OHNE TERMIN <\/strong><\/span>(nie, niemals, nie!), das bringt <a href=\"https:\/\/www.rechtnormal.de\/index.php\/ganz-schlechtes-karma\/\" data-type=\"page\" data-id=\"135\">furchtbar schlechtes Karma<\/a>. <\/p>\n\n\n\n<p><strong>MIT TERMIN <\/strong>hingegen bin ich nicht nur sehr gerne f\u00fcr Sie da und nehme mir genug Zeit, sondern bin dann sogar \u00f6rtlich prima f\u00fcr Sie erreichbar:<\/p>\n\n\n\n<p><strong>Heiligenhaus <\/strong>m\u00fcssen Sie schon selbst finden, klar. <\/p>\n\n\n\n<ul class=\"wp-block-list\"><li>Dort einmal angekommen, ist die Kanzlei mit <strong>\u00f6ffentlichen Verkehrsmitteln<\/strong> gut angebunden. Die <strong>Haltestelle Dorfkrug <\/strong>am gleichnamigen und sehr guten griechischen Restaurant wird alle paar Minuten mit dem <strong>B\u00fcrgerbus<\/strong><sup> 1<\/sup> und dem <strong>017<\/strong> <sup>2<\/sup> angefahren und liegt fu\u00dfl\u00e4ufig nur ca. 3 Minuten entfernt.<br><\/li><li>Vom <strong>Panoramaradweg <\/strong>zu <strong>Fu\u00df <\/strong>oder mit dem <strong>Velo <\/strong>kommend nehmen Sie die Ausfahrt &#8222;Sportplatz Wassermangel&#8220;. Links den Berg hoch, dann zweimal recht und schon liegt die Beethovenstra\u00dfe vor Ihnen.<br>  <\/li><li>Sogar mit dem <strong>Auto <\/strong>geht es: Die Navigationsger\u00e4te f\u00fchren in der Regel zuverl\u00e4ssig zu mir, Stra\u00dfenatlanten (je nach Darstellungsma\u00dfstab und Jahr der Auflage) funktionieren oft auch noch. Einen Parkplatz finden Sie in der N\u00e4he der Kanzlei fast immer.  <\/li><\/ul>\n\n\n\n<p>Nehmen Sie gerne Kontakt auf:  <\/p>\n\n\n\n<div class=\"wp-block-group\"><div class=\"wp-block-group__inner-container is-layout-flow wp-block-group-is-layout-flow\">\n<p class=\"has-text-align-right has-light-gray-color has-text-color\"><span style=\"color:#3377d6\" class=\"has-inline-color\"><strong>Rechtsanwalt Marco St\u00fcwe<\/strong><br>Beethovenstra\u00dfe 14a<\/span><span style=\"color:#4a869f\" class=\"has-inline-color\"><br><\/span><span style=\"color:#3377d6\" class=\"has-inline-color\">D-42579 Heiligenhaus<br>Tel. 02056 9292 584<\/span><br><a href=\"mailto:Kanzlei@RechtNormal.de\">Kanzlei@RechtNormal.de<\/a><\/p>\n<\/div><\/div>\n\n\n\n<p>(1) h<span style=\"font-size: inherit;\">ttps:\/\/www.buergerbus-heiligenhaus.de\/fahrplan.html<\/span><br>(2) <span style=\"font-size: inherit;\">https:\/\/fahrplan-bus-bahn.de\/nrw\/heiligenhaus\/bus_linie_bus_o17#\/<\/span><\/p>\n","protected":false},"excerpt":{"rendered":"<p>Mir w\u00e4re am liebsten, Sie kommen in Jeans und T-Shirt zu mir. Hoodie geht auch. Kutte sowieso. Ganz wie Sie m\u00f6gen &#8211; in unbequemer Kleidung denkt es sich so schlecht. Und Sie werden in allerbester Gesellschaft sein. Kommen Sie bitte NICHT OHNE TERMIN (nie, niemals, nie!), das bringt furchtbar schlechtes Karma. MIT TERMIN hingegen bin [&hellip;]<\/p>\n","protected":false},"author":1,"featured_media":0,"parent":0,"menu_order":0,"comment_status":"closed","ping_status":"closed","template":"","meta":{"footnotes":""},"class_list":["post-77","page","type-page","status-publish","hentry"],"_links":{"self":[{"href":"https:\/\/www.rechtnormal.de\/index.php\/wp-json\/wp\/v2\/pages\/77","targetHints":{"allow":["GET"]}}],"collection":[{"href":"https:\/\/www.rechtnormal.de\/index.php\/wp-json\/wp\/v2\/pages"}],"about":[{"href":"https:\/\/www.rechtnormal.de\/index.php\/wp-json\/wp\/v2\/types\/page"}],"author":[{"embeddable":true,"href":"https:\/\/www.rechtnormal.de\/index.php\/wp-json\/wp\/v2\/users\/1"}],"replies":[{"embeddable":true,"href":"https:\/\/www.rechtnormal.de\/index.php\/wp-json\/wp\/v2\/comments?post=77"}],"version-history":[{"count":21,"href":"https:\/\/www.rechtnormal.de\/index.php\/wp-json\/wp\/v2\/pages\/77\/revisions"}],"predecessor-version":[{"id":235,"href":"https:\/\/www.rechtnormal.de\/index.php\/wp-json\/wp\/v2\/pages\/77\/revisions\/235"}],"wp:attachment":[{"href":"https:\/\/www.rechtnormal.de\/index.php\/wp-json\/wp\/v2\/media?parent=77"}],"curies":[{"name":"wp","href":"https:\/\/api.w.org\/{rel}","templated":true}]}}