{"id":38,"date":"2022-01-01T00:00:00","date_gmt":"2021-12-31T23:00:00","guid":{"rendered":"https:\/\/www.rechtnormal.de\/?page_id=38"},"modified":"2022-01-19T08:41:17","modified_gmt":"2022-01-19T07:41:17","slug":"rechtsgebiete","status":"publish","type":"page","link":"https:\/\/www.rechtnormal.de\/index.php\/rechtsgebiete\/","title":{"rendered":"Was ich so mache"},"content":{"rendered":"\n<p>Meine Rechtsanwaltszulassung liegt nun bereits rund 20 Jahre zur\u00fcck (Kinder, wie die Zeit vergeht!). Urspr\u00fcnglich aus der Strafverteidigung kommend, bin ich inzwischen vorwiegend handels- und gesellschaftsrechtlich ausgerichtet. Seit 2016 bin ich zus\u00e4tzlich zugelassen als Syndikusrechtsanwalt f\u00fcr ein international t\u00e4tiges Konzernunternehmen, das in seinem Bereich weltweiter Markt- und Innovationsf\u00fchrer sein d\u00fcrfte. Als Syndikusrechtsanwalt k\u00fcmmere ich mich um so ziemlich alle rechtlichen Fragen, die in der Lebenswirklichkeit eines Industrieunternehmens mit bundesweiten Standorten aufschlagen k\u00f6nnen (bis auf Arbeitsrecht. Arbeitsrecht mache ich wirklich nicht). Mein Tagewerk besteht darum seit vielen Jahren aus <\/p>\n\n\n\n<ul class=\"wp-block-list\"><li><strong>Vertragsrecht <\/strong><ul><li>Kauf- und Liefervertr\u00e4ge<\/li><li>Fracht-, Transport- und Logistikfragen <\/li><li>Dienstleistungs- und Werkvertr\u00e4ge<\/li><li>Kooperationsvereinbarungen<\/li><\/ul><ul><li>Forschungs- und Entwicklungsvertr\u00e4ge<\/li><li>Vertriebsvertr\u00e4ge<\/li><\/ul><\/li><li><strong>Gesellschaftsrecht <\/strong><ul><li>Verschmelzungen, Abspaltungen, Aufspaltungen<\/li><li>Notar- und Handelsregistersachen<\/li><li>Pr\u00e4qualifikationsfragen und \u00d6ffentliche Ausschreibungen<\/li><\/ul><\/li><li><strong>Kartell- und wettbewerbsrechtliche Fragestellungen<\/strong><ul><li>Marktanteile und Marktanteilsimplikationen<\/li><li>Grenzen und Zul\u00e4ssigkeiten von Kooperationen<\/li><li>Schulungen<\/li><\/ul><\/li><li><strong>Forderungssachen <\/strong><ul><li>Mahn- und Pf\u00e4ndungswesen<\/li><li>Ausfallhaftungen<\/li><\/ul><\/li><li><strong>B\u00fcrgschaftsfragen<\/strong><ul><li>Vorauszahlungsb\u00fcrgschaften<\/li><li>Mangelgew\u00e4hrleistungsb\u00fcrgschaften<\/li><li>Vertragserf\u00fcllungsb\u00fcrgschaften<\/li><\/ul><\/li><li><strong>Geheimhaltungsvereinbarungen <\/strong><ul><li>hoch und runter in allen Auspr\u00e4gungen<\/li><\/ul><\/li><li><strong>Miet<\/strong>-, <strong>Pacht<\/strong>&#8211; und allgemeines <strong>Grundst\u00fccksrecht<\/strong><\/li><li><strong>Ladungssicherung <\/strong><\/li><li>Abwicklung versicherungsrelevanter <strong>Gro\u00dfsch\u00e4den<\/strong><\/li><li>Gleichzeitig bin ich seit einiger Zeit <strong>Datenschutzkoordinator <\/strong>und betreibe in dieser Funktion die Implementierung der Anforderungen aus DSGVO und bundes-\/landesrechtlichen Vorschriften, k\u00fcmmere mich zum Beispiel um Auftragsverarbeitungsvertr\u00e4ge und um das Verzeichnis der Verarbeitungst\u00e4tigkeiten.<\/li><\/ul>\n\n\n\n<p>&#8230;<\/p>\n\n\n\n<p>Das beschreibt bei weitem nicht alles, gibt aber eine erste grobe Idee von dem, womit ich meinen Tag gew\u00f6hnlich gut ausf\u00fcllen kann, ohne dass mir langweilig wird.<\/p>\n\n\n\n<p>In der <strong>Kanzlei St\u00fcwe <\/strong>bin ich f\u00fcr Themen aus diesen Bereichen nat\u00fcrlich offen &#8211; ich nehme aber auch Aufgaben aus anderen Gebieten an. Da m\u00fcssten wir mal <a href=\"https:\/\/www.rechtnormal.de\/index.php\/kontakt\/\" data-type=\"page\" data-id=\"77\">sprechen<\/a>. Oder <a href=\"mailto:Kanzlei@RechtNormal.de\">schreiben<\/a>.  <\/p>\n","protected":false},"excerpt":{"rendered":"<p>Meine Rechtsanwaltszulassung liegt nun bereits rund 20 Jahre zur\u00fcck (Kinder, wie die Zeit vergeht!). Urspr\u00fcnglich aus der Strafverteidigung kommend, bin ich inzwischen vorwiegend handels- und gesellschaftsrechtlich ausgerichtet. Seit 2016 bin ich zus\u00e4tzlich zugelassen als Syndikusrechtsanwalt f\u00fcr ein international t\u00e4tiges Konzernunternehmen, das in seinem Bereich weltweiter Markt- und Innovationsf\u00fchrer sein d\u00fcrfte. Als Syndikusrechtsanwalt k\u00fcmmere ich mich [&hellip;]<\/p>\n","protected":false},"author":1,"featured_media":0,"parent":0,"menu_order":0,"comment_status":"closed","ping_status":"closed","template":"","meta":{"footnotes":""},"class_list":["post-38","page","type-page","status-publish","hentry"],"_links":{"self":[{"href":"https:\/\/www.rechtnormal.de\/index.php\/wp-json\/wp\/v2\/pages\/38","targetHints":{"allow":["GET"]}}],"collection":[{"href":"https:\/\/www.rechtnormal.de\/index.php\/wp-json\/wp\/v2\/pages"}],"about":[{"href":"https:\/\/www.rechtnormal.de\/index.php\/wp-json\/wp\/v2\/types\/page"}],"author":[{"embeddable":true,"href":"https:\/\/www.rechtnormal.de\/index.php\/wp-json\/wp\/v2\/users\/1"}],"replies":[{"embeddable":true,"href":"https:\/\/www.rechtnormal.de\/index.php\/wp-json\/wp\/v2\/comments?post=38"}],"version-history":[{"count":16,"href":"https:\/\/www.rechtnormal.de\/index.php\/wp-json\/wp\/v2\/pages\/38\/revisions"}],"predecessor-version":[{"id":429,"href":"https:\/\/www.rechtnormal.de\/index.php\/wp-json\/wp\/v2\/pages\/38\/revisions\/429"}],"wp:attachment":[{"href":"https:\/\/www.rechtnormal.de\/index.php\/wp-json\/wp\/v2\/media?parent=38"}],"curies":[{"name":"wp","href":"https:\/\/api.w.org\/{rel}","templated":true}]}}