{"id":26,"date":"2022-01-01T00:00:00","date_gmt":"2021-12-31T23:00:00","guid":{"rendered":"http:\/\/rechtnormal.de\/?page_id=26"},"modified":"2022-11-24T15:56:36","modified_gmt":"2022-11-24T14:56:36","slug":"ueber","status":"publish","type":"page","link":"https:\/\/www.rechtnormal.de\/index.php\/ueber\/","title":{"rendered":"Moin."},"content":{"rendered":"\n<p class=\"has-text-align-left\">Gef\u00fchlt sind wir St\u00fcwes ja eher nordisch. Jedenfalls vom Naturell her. Aber auch der Name selber kommt angeblich von weiter oben auf der Karte: Irgendwann sollen die Vorfahren von den K\u00fcsten Norwegens r\u00fcber geschippert sein. Damals wahrscheinlich vergn\u00fcgt raubend und brandschatzend. Und Schlimmeres, von dem ich mich hier ausdr\u00fccklich distanziere! Wir St\u00fcwes trinken heute zumindest keinen Met mehr aus den Sch\u00e4deln unserer Gegner (ist ja auch schwer zu bekommen, guter Met). <\/p>\n\n\n\n<p>Rechtsanwalt bin ich seit rund zwanzig Jahren. Und was ich aktuell so mache, kann man <a href=\"https:\/\/www.rechtnormal.de\/index.php\/rechtsgebiete\/\" data-type=\"page\" data-id=\"38\">hier<\/a> nachlesen. Davor und teilweise w\u00e4hrenddessen habe ich verschiedene andere Sachen ausprobiert, habe auf dem Bauernhof geholfen, auf dem ich aufgewachsen bin, habe Anglistik und Modernes Japan studiert, mit behinderten Menschen und psychisch Kranken gearbeitet, war am Olympiast\u00fctzpunkt in Essen t\u00e4tig, bin im Steinbruch Schwerkraftwagen gefahren, habe auf dem Bau und bei Umzugsunternehmen geschuftet (<em>das Klavier ganz nach oben, bitte<\/em>), habe Regale bei einem Lebensmittelh\u00e4ndler einger\u00e4umt und war Gr\u00fcnder und Gesch\u00e4ftsf\u00fchrer von zwei Unternehmen.<\/p>\n\n\n\n<p>Juristisch t\u00e4tig war ich unter anderem f\u00fcr internationale, aber auch \u00f6rtliche Kanzleien in Deutschland (D\u00fcsseldorf, Wuppertal, K\u00f6ln, W\u00fclfrath) und Australien (Port Macquarie, New South Wales), zudem f\u00fcr das Rechtsamt der Stadt Essen, die Kreispolizeibeh\u00f6rde Mettmann, die Staatsanwaltschaft D\u00fcsseldorf &#8211; teilweise als Rechtsanwalt, teilweise als Partner, teilweise zeitlich begrenzt als Rechtsreferendar. Zehn Jahre war ich Doktorand am Lehrstuhl f\u00fcr \u00d6ffentliches Recht und Verwaltungslehre der Heinrich-Heine-Universit\u00e4t D\u00fcsseldorf &#8211; ohne allerdings tats\u00e4chlich Zeit f\u00fcr den weiteren Fortgang &#8211; oder gar Abschluss &#8211; meiner Promotion gefunden zu haben (Prof. Dietlein sieht es mir nach). Gelebt habe ich in noch einigen anderen St\u00e4dten. <\/p>\n\n\n\n<p>Zwischenzeitlich haben meine Familie und ich in Heiligenhaus Wurzeln geschlagen. Eine tolle Stadt. Und hier gef\u00e4llt es uns so gut, dass wir dauerhaft bleiben wollen. <\/p>\n\n\n\n<p><\/p>\n\n\n\n<p><\/p>\n","protected":false},"excerpt":{"rendered":"<p>Gef\u00fchlt sind wir St\u00fcwes ja eher nordisch. Jedenfalls vom Naturell her. Aber auch der Name selber kommt angeblich von weiter oben auf der Karte: Irgendwann sollen die Vorfahren von den K\u00fcsten Norwegens r\u00fcber geschippert sein. Damals wahrscheinlich vergn\u00fcgt raubend und brandschatzend. Und Schlimmeres, von dem ich mich hier ausdr\u00fccklich distanziere! Wir St\u00fcwes trinken heute zumindest [&hellip;]<\/p>\n","protected":false},"author":1,"featured_media":0,"parent":0,"menu_order":0,"comment_status":"closed","ping_status":"closed","template":"","meta":{"footnotes":""},"class_list":["post-26","page","type-page","status-publish","hentry"],"_links":{"self":[{"href":"https:\/\/www.rechtnormal.de\/index.php\/wp-json\/wp\/v2\/pages\/26","targetHints":{"allow":["GET"]}}],"collection":[{"href":"https:\/\/www.rechtnormal.de\/index.php\/wp-json\/wp\/v2\/pages"}],"about":[{"href":"https:\/\/www.rechtnormal.de\/index.php\/wp-json\/wp\/v2\/types\/page"}],"author":[{"embeddable":true,"href":"https:\/\/www.rechtnormal.de\/index.php\/wp-json\/wp\/v2\/users\/1"}],"replies":[{"embeddable":true,"href":"https:\/\/www.rechtnormal.de\/index.php\/wp-json\/wp\/v2\/comments?post=26"}],"version-history":[{"count":33,"href":"https:\/\/www.rechtnormal.de\/index.php\/wp-json\/wp\/v2\/pages\/26\/revisions"}],"predecessor-version":[{"id":448,"href":"https:\/\/www.rechtnormal.de\/index.php\/wp-json\/wp\/v2\/pages\/26\/revisions\/448"}],"wp:attachment":[{"href":"https:\/\/www.rechtnormal.de\/index.php\/wp-json\/wp\/v2\/media?parent=26"}],"curies":[{"name":"wp","href":"https:\/\/api.w.org\/{rel}","templated":true}]}}