{"id":194,"date":"2022-01-01T00:00:49","date_gmt":"2021-12-31T23:00:49","guid":{"rendered":"https:\/\/www.rechtnormal.de\/?page_id=194"},"modified":"2022-01-11T11:16:57","modified_gmt":"2022-01-11T10:16:57","slug":"impressum","status":"publish","type":"page","link":"https:\/\/www.rechtnormal.de\/index.php\/impressum\/","title":{"rendered":"Impressum"},"content":{"rendered":"\n<p><strong>Rechtsanwalt Marco St\u00fcwe<\/strong><br>Beethovenstr. 14a<br>D-42579 Heiligenhaus<br>Tel. 02056 9292 584<br>Kanzlei@RechtNormal.de<\/p>\n\n\n\n<p><strong>Zust\u00e4ndige Aufsichtsbeh\u00f6rde<\/strong><\/p>\n\n\n\n<p>Rechtsanwaltskammer D\u00fcsseldorf<br>Freiligrathstra\u00dfe 25<br>40479 D\u00fcsseldorf<\/p>\n\n\n\n<p><strong>Berufsbezeichnung<\/strong><\/p>\n\n\n\n<p>Rechtsanwalt, verliehen in der Bundesrepublik Deutschland<br>Rechtsanwalt (Syndikusrechtsanwalt), verliehen in der Bundesrepublik Deutschland  <\/p>\n\n\n\n<p><strong>Zust\u00e4ndige Kammer<\/strong><\/p>\n\n\n\n<p>Rechtsanwaltskammer D\u00fcsseldorf<br>Freiligrathstra\u00dfe 25<br>40479 D\u00fcsseldorf<\/p>\n\n\n\n<p><strong>Berufsrechtliche Regelungen:<\/strong><\/p>\n\n\n\n<p>Es geltend die folgenden Berufsrechtlichen Regelungen:<\/p>\n\n\n\n<ul class=\"wp-block-list\"><li>Bundesrechtsanwaltsordnung (BRAO)<\/li><li>Berufsordnung f\u00fcr Rechtsanw\u00e4lte (BORA)<\/li><li>Fachanwaltsordnung (FAO)<\/li><li>Rechtsanwaltsverg\u00fctungsgesetz (RVG)<\/li><li>Berufsregelungen der Rechtsanw\u00e4lte der Europ\u00e4ischen Union<\/li><\/ul>\n\n\n\n<p>Die Regelungen k\u00f6nnen bei der Bundesrechtsanwaltskammer unter\u00a0http:\/\/www.brak.de\/fuer-anwaelte\/berufsrecht\/\u00a0in Deutsch und Englisch eingesehen werden<\/p>\n\n\n\n<p><strong>Berufshaftplichtversicherung:<\/strong><\/p>\n\n\n\n<p>Rechtsanw\u00e4ltinnen und Rechtsanw\u00e4lte sind aufgrund der Bundesrechtsanwaltsordnung verpflichtet, eine Berufshaftplichtversicherung mit einer Mindestversicherungssumme von 250.000,- EUR zu unterhalten. Die Einzelheiten ergeben sich aus \u00a7 51 BRAO.<\/p>\n\n\n\n<p>Die f\u00fcr mich zust\u00e4ndige Berufshaftpflichtversicherung unterhalte ich bei:<\/p>\n\n\n\n<p>ERGO Versicherung AG<br>ERGO-Platz 1 <br>40477 D\u00fcsseldorf&nbsp;<br><br>R\u00e4umlicher Geltungsbereich: Gesamtes EU-Gebiet<\/p>\n\n\n\n<p><strong>Schlichtungsstellen:<\/strong><\/p>\n\n\n\n<p>Bei Streitigkeiten zwischen Rechtsanw\u00e4lten und ihren Auftraggebern besteht auf Antrag die M\u00f6glichkeit der au\u00dfergerichtlichen Streitschlichtung bei der regionalen Rechtsanwaltskammer (gem\u00e4\u00df \u00a7 73 Abs. 2 Nr. 3 i.V.m. \u00a7 73 Abs. 5 BRAO)<\/p>\n\n\n\n<p>Rechtsanwaltskammer D\u00fcsseldorf<br>Freiligrathstra\u00dfe 25<br>40479 D\u00fcsseldorf <\/p>\n\n\n\n<p>oder bei der Schlichtungsstelle der Rechtsanwaltschaft (\u00a7 191f BRAO) bei der Bundesrechtsanwaltskammer, im Internet zu finden \u00fcber die Homepage der Bundesrechtsanwaltskammer (www.brak.de), E\u2010Mail:\u00a0<a>schlichtungsstelle@brak.de<\/a><\/p>\n\n\n\n<p>Die EU-Kommission stellt eine Plattform f\u00fcr au\u00dfergerichtliche Streitschlichtung bereit. Verbrauchern gibt dies die M\u00f6glichkeit, Streitigkeiten im Zusammenhang mit ihrer Online-Bestellung zun\u00e4chst au\u00dfergerichtlich zu kl\u00e4ren. Die Streitbeilegungs-Plattform finden Sie hier:<\/p>\n\n\n\n<p>https:\/\/ec.europa.eu\/consumers\/odr\/<br>Meine E-Mail f\u00fcr Verbraucherbeschwerden lautet: Kanzlei@RechtNormal.de\u00a0<\/p>\n","protected":false},"excerpt":{"rendered":"<p>Rechtsanwalt Marco St\u00fcweBeethovenstr. 14aD-42579 HeiligenhausTel. 02056 9292 584Kanzlei@RechtNormal.de Zust\u00e4ndige Aufsichtsbeh\u00f6rde Rechtsanwaltskammer D\u00fcsseldorfFreiligrathstra\u00dfe 2540479 D\u00fcsseldorf Berufsbezeichnung Rechtsanwalt, verliehen in der Bundesrepublik DeutschlandRechtsanwalt (Syndikusrechtsanwalt), verliehen in der Bundesrepublik Deutschland Zust\u00e4ndige Kammer Rechtsanwaltskammer D\u00fcsseldorfFreiligrathstra\u00dfe 2540479 D\u00fcsseldorf Berufsrechtliche Regelungen: Es geltend die folgenden Berufsrechtlichen Regelungen: Bundesrechtsanwaltsordnung (BRAO) Berufsordnung f\u00fcr Rechtsanw\u00e4lte (BORA) Fachanwaltsordnung (FAO) Rechtsanwaltsverg\u00fctungsgesetz (RVG) Berufsregelungen der Rechtsanw\u00e4lte der [&hellip;]<\/p>\n","protected":false},"author":1,"featured_media":0,"parent":0,"menu_order":0,"comment_status":"closed","ping_status":"closed","template":"","meta":{"footnotes":""},"class_list":["post-194","page","type-page","status-publish","hentry"],"_links":{"self":[{"href":"https:\/\/www.rechtnormal.de\/index.php\/wp-json\/wp\/v2\/pages\/194","targetHints":{"allow":["GET"]}}],"collection":[{"href":"https:\/\/www.rechtnormal.de\/index.php\/wp-json\/wp\/v2\/pages"}],"about":[{"href":"https:\/\/www.rechtnormal.de\/index.php\/wp-json\/wp\/v2\/types\/page"}],"author":[{"embeddable":true,"href":"https:\/\/www.rechtnormal.de\/index.php\/wp-json\/wp\/v2\/users\/1"}],"replies":[{"embeddable":true,"href":"https:\/\/www.rechtnormal.de\/index.php\/wp-json\/wp\/v2\/comments?post=194"}],"version-history":[{"count":3,"href":"https:\/\/www.rechtnormal.de\/index.php\/wp-json\/wp\/v2\/pages\/194\/revisions"}],"predecessor-version":[{"id":223,"href":"https:\/\/www.rechtnormal.de\/index.php\/wp-json\/wp\/v2\/pages\/194\/revisions\/223"}],"wp:attachment":[{"href":"https:\/\/www.rechtnormal.de\/index.php\/wp-json\/wp\/v2\/media?parent=194"}],"curies":[{"name":"wp","href":"https:\/\/api.w.org\/{rel}","templated":true}]}}