{"id":182,"date":"2022-01-01T00:00:00","date_gmt":"2021-12-31T23:00:00","guid":{"rendered":"https:\/\/www.rechtnormal.de\/?page_id=182"},"modified":"2022-02-15T15:53:25","modified_gmt":"2022-02-15T14:53:25","slug":"datenschutz","status":"publish","type":"page","link":"https:\/\/www.rechtnormal.de\/index.php\/datenschutz\/","title":{"rendered":"Wie ich Ihre Daten sch\u00fctze"},"content":{"rendered":"\n<h2 class=\"wp-block-heading\">Minimierung<\/h2>\n\n\n\n<p>Beim Besuch der Website &#8222;RechtNormal.de&#8220;<strong> sehe ich im technisch weitest m\u00f6glichen Umfang davon ab, \u00fcberhaupt Daten von Ihrem Besuch zu erheben. <\/strong>Das gilt erst recht f\u00fcr personenbezogene Daten. <\/p>\n\n\n\n<p>Der Server, auf dem die Domain  &#8222;RechtNormal.de&#8220; gehostet wird, ben\u00f6tigt allerdings <strong>f\u00fcr die Kommunikation und Interaktion<\/strong> mit Ihrem System zwangsl\u00e4ufig ein paar Angaben, um &#8222;RechtNormal.de&#8220; an Ihre IP-Adresse zu senden und in Ihrem speziellen Browser, mit der f\u00fcr Sie richtigen Bildschirmaufl\u00f6sung etc. ansprechend darstellen zu k\u00f6nnen. Die daf\u00fcr erhobenen Daten &#8211; deren Erfassung ich \u00fcbrigens nicht selber beeinflussen kann &#8211; werden jedoch nach Auskunft bei meinem Hosting-Provider nicht gespeichert:<\/p>\n\n\n\n<blockquote class=\"wp-block-quote is-layout-flow wp-block-quote-is-layout-flow\"><p>&#8222;The service does not collect visitors personal data and thus complies with the EU regulations.&#8220;<\/p><\/blockquote>\n\n\n\n<p>Zumindest die IP-Adresse wird jedoch &#8222;erhoben&#8220; und d\u00fcrfte nach wohl \u00fcberwiegender Ansicht &#8222;personenbezogen&#8220; sein &#8211; darum muss diese Erkl\u00e4rung auch etwas ausf\u00fchrlicher werden. Ich habe mich mal umgeschaut: Es gibt wohl keinen vergleichbaren Anbieter, der mit weniger Angaben auskommt, um seine Dienste erbringen zu k\u00f6nnen. Und ohne die IP-Adresse kommt <em>gar keiner <\/em>aus&#8230;<\/p>\n\n\n\n<p>Der Hosting-Provider erfasst ferner anonymisierte Daten zu statistischen Zwecken. Dabei handelt es sich nach Auskunft meines Providers um folgende:<\/p>\n\n\n\n<blockquote class=\"wp-block-quote is-layout-flow wp-block-quote-is-layout-flow\"><p>Sessions<br>Pages visited<br>Pages viewed with errors<br>Average session time<br>Ranking of the most used internet browsers to view your websites<br>Top browsers<br>Top platforms (operating systems)<br>Top browser-platform combinations<br>Visitors proportions depending on their location<br>Graphical view of requests origins on your website<br>Top regions with number of sessions by geographical origin<br>Most visited website pages ranking<br>Most visited pages<br>Most popular forms<br>Most frequent user visits<br>Visualization of robots passing through your sites<br>Top robots visits<br>Most accessed pages by robots<br>Failure and success statistics based on HTTP codes returned<br>Comparative D-1 Valid access. Customer Errors and Site Errors<br>Number of access errors over time graphical representation<br>Top pages with errors<br>Graphical representation of site health with HTTP status codes<\/p><\/blockquote>\n\n\n\n<h2 class=\"wp-block-heading\">Wie lange und wo werden diese Daten gespeichert?<\/h2>\n\n\n\n<p>Auch hierzu habe ich einmal meinen Hosting-Provider befragt (ich bin sicher, inzwischen hasst er mich). <\/p>\n\n\n\n<blockquote class=\"wp-block-quote is-layout-flow wp-block-quote-is-layout-flow\"><p>&#8222;OVHcloud stores the information in our Datacenters in Europe.&#8220;<\/p><p>&#8222;[&#8230;] additionally our system keeps those statistics until the hosting is deleted.&#8220;<\/p><\/blockquote>\n\n\n\n<h2 class=\"wp-block-heading\">Ihre Rechte<\/h2>\n\n\n\n<p>Werden personenbezogene Daten von Ihnen erhoben, haben Sie generell die folgenden Anspr\u00fcche gegen den Verantwortlichen (ich gebe das mal umfassend wieder und lasse dahinstehen, inwieweit dies f\u00fcr &#8222;RechtNormal.de&#8220; sinnvolle Informationen sind):<\/p>\n\n\n\n<p> <span class=\"has-inline-color has-light-gray-color\">1. Gem\u00e4\u00df Art. 15 DSGVO Auskunft \u00fcber Ihre von mir verarbeiteten personenbezogenen Daten zu verlangen. Insbesondere k\u00f6nnen Sie Auskunft \u00fcber die Verarbeitungszwecke, die Kategorie der personenbezogenen Daten, die Kategorien von Empf\u00e4ngern, gegen\u00fcber denen Ihre Daten offengelegt wurden oder werden, die geplante Speicherdauer, das Bestehen eines Rechts auf Berichtigung, L\u00f6schung, Einschr\u00e4nkung der Verarbeitung oder Widerspruch, das Bestehen eines Beschwerderechts, die Herkunft ihrer Daten, sofern diese nicht bei mir erhoben wurden, sowie \u00fcber das Bestehen einer automatisierten Entscheidungsfindung einschlie\u00dflich Profiling und ggf. aussagekr\u00e4ftigen Informationen zu deren Einzelheiten verlangen; <br><br>2. gem\u00e4\u00df Art. 16 DSGVO unverz\u00fcglich die Berichtigung unrichtiger oder Vervollst\u00e4ndigung Ihrer bei mir gespeicherten personenbezogenen Daten zu verlangen; <br><br>3. gem\u00e4\u00df Art. 17 DSGVO die L\u00f6schung Ihrer bei mir gespeicherten personenbezogenen Daten zu verlangen, soweit nicht die Verarbeitung zur Aus\u00fcbung des Rechts auf freie Meinungs\u00e4u\u00dferung und Information, zur Erf\u00fcllung einer rechtlichen Verpflichtung, aus Gr\u00fcnden des \u00f6ffentlichen Interesses oder zur Geltendmachung, Aus\u00fcbung oder Verteidigung von Rechtsanspr\u00fcchen erforderlich ist; <br><br>4. gem\u00e4\u00df Art. 18 DSGVO die Einschr\u00e4nkung der Verarbeitung Ihrer personenbezogenen Daten zu verlangen, soweit die Richtigkeit der Daten von Ihnen bestritten wird, die Verarbeitung unrechtm\u00e4\u00dfig ist, Sie aber deren L\u00f6schung ablehnen und ich die Daten nicht mehr ben\u00f6tige, Sie jedoch diese zur Geltendmachung, Aus\u00fcbung oder Verteidigung von Rechtsanspr\u00fcchen ben\u00f6tigen oder Sie gem\u00e4\u00df Art. 21 DSGVO Widerspruch gegen die Verarbeitung eingelegt haben; <br><br>5. gem\u00e4\u00df Art. 20 DSGVO Ihre personenbezogenen Daten, die Sie mir bereitgestellt haben, in einem strukturierten, g\u00e4ngigen und maschinenlesebaren Format zu erhalten oder die \u00dcbermittlung an einen anderen Verantwortlichen zu verlangen; <br><br>6. gem\u00e4\u00df Art. 7 Abs. 3 DSGVO Ihre einmal erteilte Einwilligung jederzeit mir gegen\u00fcber zu widerrufen. Dies hat zur Folge, dass ich die Datenverarbeitung, die auf dieser Einwilligung beruhte, f\u00fcr die Zukunft nicht mehr fortf\u00fchren darf  <br><br>7. gem\u00e4\u00df Art. 77 DSGVO sich bei einer Aufsichtsbeh\u00f6rde zu beschweren. In der Regel k\u00f6nnen Sie sich hierf\u00fcr an die Aufsichtsbeh\u00f6rde Ihres \u00fcblichen Aufenthaltsortes oder auch meines Kanzleisitzes wenden. <br><br>8. Sofern Ihre personenbezogenen Daten auf Grundlage von berechtigten Interessen gem\u00e4\u00df Art. 6 Abs. 1 S. 1 lit. f DSGVO verarbeitet werden, haben Sie das Recht, gem\u00e4\u00df Art. 21 DSGVO Widerspruch gegen die Verarbeitung Ihrer personenbezogenen Daten einzulegen, soweit daf\u00fcr Gr\u00fcnde vorliegen, die sich aus Ihrer besonderen Situation ergeben oder sich der Widerspruch gegen Direktwerbung richtet. Im letzteren Fall haben Sie ein generelles Widerspruchsrecht, das ohne Angabe einer besonderen Situation von uns umgesetzt wird. Zur Geltendmachung des Widerrufs- oder Widerspruchsrecht ist eine E-Mail an <a href=\"mailto:Kanzlei@RechtNormal.de\">Kanzlei@RechtNormal.de<\/a> ausreichend.<\/span><\/p>\n\n\n\n<h2 class=\"wp-block-heading\">Datensicherheit&nbsp;<\/h2>\n\n\n\n<p>Die \u00dcbertragung der Inhalte meiner von &#8222;RechtNormal.de&#8220; zwischen Ihnen und dem Hosting-Provider erfolgt verschl\u00fcsselt nach dem SSL Verfahren (SSL = Secure Socket Layer) in Verbindung mit der jeweils h\u00f6chsten von Ihrem Browser unterst\u00fctzten Verschl\u00fcsselungsstufe (i.d.R. 256 Bit Verschl\u00fcsselung, falls dies von Ihrem Browser in dieser Qualit\u00e4t nicht unterst\u00fctzt wird, erfolgt die \u00dcbertragung stattdessen verschl\u00fcsselt mit 128-Bit). Sie erkennen dies am dem geschlossenen Schlosssymbol in der Statusleiste. <\/p>\n\n\n\n<p>Weiterhin hat mein Hosting Provider Ma\u00dfnahmen zur Sicherung der personenbezogenen Daten nach dem Stand der Technik getroffen. Dies umfasst insbesondere Ma\u00dfnahmen zur Beschr\u00e4nkung des Zugangs zu den Daten, zum Schutz gegen Ver\u00e4nderungen und Verlust und zur Vertraulichkeit gem\u00e4\u00df dem Stand der Technik.<\/p>\n\n\n\n<h2 class=\"wp-block-heading\">Verantwortlicher<\/h2>\n\n\n\n<p>Rechtsanwalt<br>Marco St\u00fcwe<br>Beethovenstr. 14a<br>D-42579 Heiligenhaus<br>Tel. 02056 9292 584<\/p>\n","protected":false},"excerpt":{"rendered":"<p>Minimierung Beim Besuch der Website &#8222;RechtNormal.de&#8220; sehe ich im technisch weitest m\u00f6glichen Umfang davon ab, \u00fcberhaupt Daten von Ihrem Besuch zu erheben. Das gilt erst recht f\u00fcr personenbezogene Daten. Der Server, auf dem die Domain &#8222;RechtNormal.de&#8220; gehostet wird, ben\u00f6tigt allerdings f\u00fcr die Kommunikation und Interaktion mit Ihrem System zwangsl\u00e4ufig ein paar Angaben, um &#8222;RechtNormal.de&#8220; an [&hellip;]<\/p>\n","protected":false},"author":1,"featured_media":0,"parent":0,"menu_order":0,"comment_status":"closed","ping_status":"closed","template":"","meta":{"footnotes":""},"class_list":["post-182","page","type-page","status-publish","hentry"],"_links":{"self":[{"href":"https:\/\/www.rechtnormal.de\/index.php\/wp-json\/wp\/v2\/pages\/182","targetHints":{"allow":["GET"]}}],"collection":[{"href":"https:\/\/www.rechtnormal.de\/index.php\/wp-json\/wp\/v2\/pages"}],"about":[{"href":"https:\/\/www.rechtnormal.de\/index.php\/wp-json\/wp\/v2\/types\/page"}],"author":[{"embeddable":true,"href":"https:\/\/www.rechtnormal.de\/index.php\/wp-json\/wp\/v2\/users\/1"}],"replies":[{"embeddable":true,"href":"https:\/\/www.rechtnormal.de\/index.php\/wp-json\/wp\/v2\/comments?post=182"}],"version-history":[{"count":12,"href":"https:\/\/www.rechtnormal.de\/index.php\/wp-json\/wp\/v2\/pages\/182\/revisions"}],"predecessor-version":[{"id":445,"href":"https:\/\/www.rechtnormal.de\/index.php\/wp-json\/wp\/v2\/pages\/182\/revisions\/445"}],"wp:attachment":[{"href":"https:\/\/www.rechtnormal.de\/index.php\/wp-json\/wp\/v2\/media?parent=182"}],"curies":[{"name":"wp","href":"https:\/\/api.w.org\/{rel}","templated":true}]}}