{"id":135,"date":"2022-01-01T00:00:00","date_gmt":"2021-12-31T23:00:00","guid":{"rendered":"https:\/\/www.rechtnormal.de\/?page_id=135"},"modified":"2022-01-11T11:17:50","modified_gmt":"2022-01-11T10:17:50","slug":"ganz-schlechtes-karma","status":"publish","type":"page","link":"https:\/\/www.rechtnormal.de\/index.php\/ganz-schlechtes-karma\/","title":{"rendered":"Ohne Termin&#8230;?"},"content":{"rendered":"\n<p>Wirklich. Ehrlich. Ohne Spa\u00df: Kommen Sie bitte nicht ohne einen <a href=\"mailto:Kanzlei@RechtNormal.de\">Termin<\/a>. Nicht an Werktagen. Nicht beim Sonntagsspaziergang (<em>&#8222;Schatz, schau mal, eine Kanzlei! W\u00e4re Dir nach einem kurzen Rechtsrat?&#8220;<\/em>). Nie.<br><br>VEREINBAREN SIE EINEN TERMIN! Sie wissen schon: Vorher abgesprochen. Beide einverstanden und so.<br><\/p>\n\n\n\n<p>Publikumsverkehr habe ich nicht. Will ich nicht. Und ich mache auch nicht auf, selbst wenn ich da bin. Klingeln, Klopfen, lautes Rufen &#8211; zwecklos, bin ich gewohnt und kann ich professionell ausblenden. Ich habe Kinder. <br><br>Wenn ich mich bedr\u00e4ngt f\u00fchle, lasse ich die H\u00fchner frei. <br><br>In besonders hartn\u00e4ckigen F\u00e4llen (Campen, Biwakieren) sende ich ein Eilgebet f\u00fcr lokalen Sturm und ergiebigen Regen \u00fcber dem Grundst\u00fcck. Erfahrungsgem\u00e4\u00df reisen die Mandanten in solchen F\u00e4llen deutlich weniger ausgeglichen wieder ab, als sie angekommen sind.<\/p>\n\n\n\n<p>Ich verf\u00fcge au\u00dferdem \u00fcber einen Notausgang. Und Fische, die ich nach Verfolgern werfen kann.<\/p>\n","protected":false},"excerpt":{"rendered":"<p>Wirklich. Ehrlich. Ohne Spa\u00df: Kommen Sie bitte nicht ohne einen Termin. Nicht an Werktagen. Nicht beim Sonntagsspaziergang (&#8222;Schatz, schau mal, eine Kanzlei! W\u00e4re Dir nach einem kurzen Rechtsrat?&#8220;). Nie. VEREINBAREN SIE EINEN TERMIN! Sie wissen schon: Vorher abgesprochen. Beide einverstanden und so. Publikumsverkehr habe ich nicht. Will ich nicht. Und ich mache auch nicht auf, [&hellip;]<\/p>\n","protected":false},"author":1,"featured_media":0,"parent":0,"menu_order":0,"comment_status":"closed","ping_status":"closed","template":"","meta":{"footnotes":""},"class_list":["post-135","page","type-page","status-publish","hentry"],"_links":{"self":[{"href":"https:\/\/www.rechtnormal.de\/index.php\/wp-json\/wp\/v2\/pages\/135","targetHints":{"allow":["GET"]}}],"collection":[{"href":"https:\/\/www.rechtnormal.de\/index.php\/wp-json\/wp\/v2\/pages"}],"about":[{"href":"https:\/\/www.rechtnormal.de\/index.php\/wp-json\/wp\/v2\/types\/page"}],"author":[{"embeddable":true,"href":"https:\/\/www.rechtnormal.de\/index.php\/wp-json\/wp\/v2\/users\/1"}],"replies":[{"embeddable":true,"href":"https:\/\/www.rechtnormal.de\/index.php\/wp-json\/wp\/v2\/comments?post=135"}],"version-history":[{"count":5,"href":"https:\/\/www.rechtnormal.de\/index.php\/wp-json\/wp\/v2\/pages\/135\/revisions"}],"predecessor-version":[{"id":460,"href":"https:\/\/www.rechtnormal.de\/index.php\/wp-json\/wp\/v2\/pages\/135\/revisions\/460"}],"wp:attachment":[{"href":"https:\/\/www.rechtnormal.de\/index.php\/wp-json\/wp\/v2\/media?parent=135"}],"curies":[{"name":"wp","href":"https:\/\/api.w.org\/{rel}","templated":true}]}}